{"id":4062,"date":"2020-06-07T17:44:49","date_gmt":"2020-06-07T15:44:49","guid":{"rendered":"https:\/\/www.laperla-paris.com\/english\/?post_type=product&#038;p=4062"},"modified":"2020-08-28T11:56:10","modified_gmt":"2020-08-28T09:56:10","slug":"bon-cheescake-paris","status":"publish","type":"product","link":"https:\/\/www.laperla-paris.com\/en\/product\/bon-cheescake-paris\/","title":{"rendered":"Cheesecake"},"content":{"rendered":"","protected":false},"excerpt":{"rendered":"<p>G\u00e2teau \u00e0 base de fromage.<\/p>\n","protected":false},"featured_media":4171,"template":"","meta":{"_mi_skip_tracking":false},"product_cat":[100],"product_tag":[],"yoast_head":"<!-- This site is optimized with the Yoast SEO plugin v20.3 - https:\/\/yoast.com\/wordpress\/plugins\/seo\/ -->\n<title>Un bon cheesecake Paris ? Testez celui de La Perla Bar Paris !<\/title>\n<meta name=\"description\" content=\"Vous cherchez un bon cheesecake \u00e0 Paris ? Testez celui de La Perla Bar Paris, disponible en click and collect. Commandez, r\u00e9cup\u00e9rez, d\u00e9gustez\" \/>\n<meta name=\"robots\" content=\"index, follow, max-snippet:-1, max-image-preview:large, max-video-preview:-1\" \/>\n<link rel=\"canonical\" href=\"https:\/\/www.laperla-paris.com\/en\/product\/bon-cheescake-paris\/\" \/>\n<meta property=\"og:locale\" content=\"en_GB\" \/>\n<meta property=\"og:type\" content=\"article\" \/>\n<meta property=\"og:title\" content=\"Un bon cheesecake Paris ? Testez celui de La Perla Bar Paris !\" \/>\n<meta property=\"og:description\" content=\"Vous cherchez un bon cheesecake \u00e0 Paris ? Testez celui de La Perla Bar Paris, disponible en click and collect. Commandez, r\u00e9cup\u00e9rez, d\u00e9gustez\" \/>\n<meta property=\"og:url\" content=\"https:\/\/www.laperla-paris.com\/en\/product\/bon-cheescake-paris\/\" \/>\n<meta property=\"og:site_name\" content=\"La Perla Paris English\" \/>\n<meta property=\"article:modified_time\" content=\"2020-08-28T09:56:10+00:00\" \/>\n<meta property=\"og:image\" content=\"https:\/\/www.laperla-paris.com\/en\/wp-content\/uploads\/2020\/06\/CHEESECAKE.png\" \/>\n\t<meta property=\"og:image:width\" content=\"453\" \/>\n\t<meta property=\"og:image:height\" content=\"603\" \/>\n\t<meta property=\"og:image:type\" content=\"image\/png\" \/>\n<meta name=\"twitter:card\" content=\"summary_large_image\" \/>\n<script type=\"application\/ld+json\" class=\"yoast-schema-graph\">{\"@context\":\"https:\/\/schema.org\",\"@graph\":[{\"@type\":\"WebPage\",\"@id\":\"https:\/\/www.laperla-paris.com\/en\/product\/bon-cheescake-paris\/\",\"url\":\"https:\/\/www.laperla-paris.com\/en\/product\/bon-cheescake-paris\/\",\"name\":\"Un bon cheesecake Paris ? Testez celui de La Perla Bar Paris !\",\"isPartOf\":{\"@id\":\"https:\/\/www.laperla-paris.com\/en\/#website\"},\"datePublished\":\"2020-06-07T15:44:49+00:00\",\"dateModified\":\"2020-08-28T09:56:10+00:00\",\"description\":\"Vous cherchez un bon cheesecake \u00e0 Paris ? Testez celui de La Perla Bar Paris, disponible en click and collect. Commandez, r\u00e9cup\u00e9rez, d\u00e9gustez\",\"breadcrumb\":{\"@id\":\"https:\/\/www.laperla-paris.com\/en\/product\/bon-cheescake-paris\/#breadcrumb\"},\"inLanguage\":\"en-GB\",\"potentialAction\":[{\"@type\":\"ReadAction\",\"target\":[\"https:\/\/www.laperla-paris.com\/en\/product\/bon-cheescake-paris\/\"]}]},{\"@type\":\"BreadcrumbList\",\"@id\":\"https:\/\/www.laperla-paris.com\/en\/product\/bon-cheescake-paris\/#breadcrumb\",\"itemListElement\":[{\"@type\":\"ListItem\",\"position\":1,\"name\":\"Home\",\"item\":\"https:\/\/www.laperla-paris.com\/en\/\"},{\"@type\":\"ListItem\",\"position\":2,\"name\":\"Cheesecake\"}]},{\"@type\":\"WebSite\",\"@id\":\"https:\/\/www.laperla-paris.com\/en\/#website\",\"url\":\"https:\/\/www.laperla-paris.com\/en\/\",\"name\":\"La Perla Paris English\",\"description\":\"bar mexicain Paris restaurant bar \u00e0 cocktails\",\"potentialAction\":[{\"@type\":\"SearchAction\",\"target\":{\"@type\":\"EntryPoint\",\"urlTemplate\":\"https:\/\/www.laperla-paris.com\/en\/?s={search_term_string}\"},\"query-input\":\"required name=search_term_string\"}],\"inLanguage\":\"en-GB\"}]}<\/script>\n<!-- \/ Yoast SEO plugin. -->","yoast_head_json":{"title":"Un bon cheesecake Paris ? Testez celui de La Perla Bar Paris !","description":"Vous cherchez un bon cheesecake \u00e0 Paris ? Testez celui de La Perla Bar Paris, disponible en click and collect. Commandez, r\u00e9cup\u00e9rez, d\u00e9gustez","robots":{"index":"index","follow":"follow","max-snippet":"max-snippet:-1","max-image-preview":"max-image-preview:large","max-video-preview":"max-video-preview:-1"},"canonical":"https:\/\/www.laperla-paris.com\/en\/product\/bon-cheescake-paris\/","og_locale":"en_GB","og_type":"article","og_title":"Un bon cheesecake Paris ? Testez celui de La Perla Bar Paris !","og_description":"Vous cherchez un bon cheesecake \u00e0 Paris ? Testez celui de La Perla Bar Paris, disponible en click and collect. Commandez, r\u00e9cup\u00e9rez, d\u00e9gustez","og_url":"https:\/\/www.laperla-paris.com\/en\/product\/bon-cheescake-paris\/","og_site_name":"La Perla Paris English","article_modified_time":"2020-08-28T09:56:10+00:00","og_image":[{"width":453,"height":603,"url":"https:\/\/www.laperla-paris.com\/en\/wp-content\/uploads\/2020\/06\/CHEESECAKE.png","type":"image\/png"}],"twitter_card":"summary_large_image","schema":{"@context":"https:\/\/schema.org","@graph":[{"@type":"WebPage","@id":"https:\/\/www.laperla-paris.com\/en\/product\/bon-cheescake-paris\/","url":"https:\/\/www.laperla-paris.com\/en\/product\/bon-cheescake-paris\/","name":"Un bon cheesecake Paris ? Testez celui de La Perla Bar Paris !","isPartOf":{"@id":"https:\/\/www.laperla-paris.com\/en\/#website"},"datePublished":"2020-06-07T15:44:49+00:00","dateModified":"2020-08-28T09:56:10+00:00","description":"Vous cherchez un bon cheesecake \u00e0 Paris ? Testez celui de La Perla Bar Paris, disponible en click and collect. Commandez, r\u00e9cup\u00e9rez, d\u00e9gustez","breadcrumb":{"@id":"https:\/\/www.laperla-paris.com\/en\/product\/bon-cheescake-paris\/#breadcrumb"},"inLanguage":"en-GB","potentialAction":[{"@type":"ReadAction","target":["https:\/\/www.laperla-paris.com\/en\/product\/bon-cheescake-paris\/"]}]},{"@type":"BreadcrumbList","@id":"https:\/\/www.laperla-paris.com\/en\/product\/bon-cheescake-paris\/#breadcrumb","itemListElement":[{"@type":"ListItem","position":1,"name":"Home","item":"https:\/\/www.laperla-paris.com\/en\/"},{"@type":"ListItem","position":2,"name":"Cheesecake"}]},{"@type":"WebSite","@id":"https:\/\/www.laperla-paris.com\/en\/#website","url":"https:\/\/www.laperla-paris.com\/en\/","name":"La Perla Paris English","description":"bar mexicain Paris restaurant bar \u00e0 cocktails","potentialAction":[{"@type":"SearchAction","target":{"@type":"EntryPoint","urlTemplate":"https:\/\/www.laperla-paris.com\/en\/?s={search_term_string}"},"query-input":"required name=search_term_string"}],"inLanguage":"en-GB"}]}},"_links":{"self":[{"href":"https:\/\/www.laperla-paris.com\/en\/wp-json\/wp\/v2\/product\/4062"}],"collection":[{"href":"https:\/\/www.laperla-paris.com\/en\/wp-json\/wp\/v2\/product"}],"about":[{"href":"https:\/\/www.laperla-paris.com\/en\/wp-json\/wp\/v2\/types\/product"}],"wp:featuredmedia":[{"embeddable":true,"href":"https:\/\/www.laperla-paris.com\/en\/wp-json\/wp\/v2\/media\/4171"}],"wp:attachment":[{"href":"https:\/\/www.laperla-paris.com\/en\/wp-json\/wp\/v2\/media?parent=4062"}],"wp:term":[{"taxonomy":"product_cat","embeddable":true,"href":"https:\/\/www.laperla-paris.com\/en\/wp-json\/wp\/v2\/product_cat?post=4062"},{"taxonomy":"product_tag","embeddable":true,"href":"https:\/\/www.laperla-paris.com\/en\/wp-json\/wp\/v2\/product_tag?post=4062"}],"curies":[{"name":"wp","href":"https:\/\/api.w.org\/{rel}","templated":true}]}}