{"id":4055,"date":"2020-06-07T17:23:28","date_gmt":"2020-06-07T15:23:28","guid":{"rendered":"https:\/\/www.laperla-paris.com\/english\/?post_type=product&#038;p=4055"},"modified":"2022-11-19T17:56:52","modified_gmt":"2022-11-19T16:56:52","slug":"guacamole","status":"publish","type":"product","link":"https:\/\/www.laperla-paris.com\/en\/product\/guacamole\/","title":{"rendered":"Guacamole"},"content":{"rendered":"","protected":false},"excerpt":{"rendered":"<p>Mousse d\u2019avocat frais, tomates, oignons, cr\u00e8me fra\u00eeche, \u00e9pices.<\/p>\n","protected":false},"featured_media":4206,"template":"","meta":{"_mi_skip_tracking":false},"product_cat":[99],"product_tag":[],"yoast_head":"<!-- This site is optimized with the Yoast SEO plugin v20.3 - https:\/\/yoast.com\/wordpress\/plugins\/seo\/ -->\n<title>Guacamole - La Perla Paris English<\/title>\n<meta name=\"robots\" content=\"index, follow, max-snippet:-1, max-image-preview:large, max-video-preview:-1\" \/>\n<link rel=\"canonical\" href=\"https:\/\/www.laperla-paris.com\/en\/product\/guacamole\/\" \/>\n<meta property=\"og:locale\" content=\"en_GB\" \/>\n<meta property=\"og:type\" content=\"article\" \/>\n<meta property=\"og:title\" content=\"Guacamole - La Perla Paris English\" \/>\n<meta property=\"og:description\" content=\"Mousse d\u2019avocat frais, tomates, oignons, cr\u00e8me fra\u00eeche, \u00e9pices.\" \/>\n<meta property=\"og:url\" content=\"https:\/\/www.laperla-paris.com\/en\/product\/guacamole\/\" \/>\n<meta property=\"og:site_name\" content=\"La Perla Paris English\" \/>\n<meta property=\"article:modified_time\" content=\"2022-11-19T16:56:52+00:00\" \/>\n<meta property=\"og:image\" content=\"https:\/\/www.laperla-paris.com\/en\/wp-content\/uploads\/2020\/06\/GUACAMOLE.png\" \/>\n\t<meta property=\"og:image:width\" content=\"453\" \/>\n\t<meta property=\"og:image:height\" content=\"603\" \/>\n\t<meta property=\"og:image:type\" content=\"image\/png\" \/>\n<meta name=\"twitter:card\" content=\"summary_large_image\" \/>\n<script type=\"application\/ld+json\" class=\"yoast-schema-graph\">{\"@context\":\"https:\/\/schema.org\",\"@graph\":[{\"@type\":\"WebPage\",\"@id\":\"https:\/\/www.laperla-paris.com\/en\/product\/guacamole\/\",\"url\":\"https:\/\/www.laperla-paris.com\/en\/product\/guacamole\/\",\"name\":\"Guacamole - La Perla Paris English\",\"isPartOf\":{\"@id\":\"https:\/\/www.laperla-paris.com\/en\/#website\"},\"datePublished\":\"2020-06-07T15:23:28+00:00\",\"dateModified\":\"2022-11-19T16:56:52+00:00\",\"breadcrumb\":{\"@id\":\"https:\/\/www.laperla-paris.com\/en\/product\/guacamole\/#breadcrumb\"},\"inLanguage\":\"en-GB\",\"potentialAction\":[{\"@type\":\"ReadAction\",\"target\":[\"https:\/\/www.laperla-paris.com\/en\/product\/guacamole\/\"]}]},{\"@type\":\"BreadcrumbList\",\"@id\":\"https:\/\/www.laperla-paris.com\/en\/product\/guacamole\/#breadcrumb\",\"itemListElement\":[{\"@type\":\"ListItem\",\"position\":1,\"name\":\"Home\",\"item\":\"https:\/\/www.laperla-paris.com\/en\/\"},{\"@type\":\"ListItem\",\"position\":2,\"name\":\"Guacamole\"}]},{\"@type\":\"WebSite\",\"@id\":\"https:\/\/www.laperla-paris.com\/en\/#website\",\"url\":\"https:\/\/www.laperla-paris.com\/en\/\",\"name\":\"La Perla Paris English\",\"description\":\"bar mexicain Paris restaurant bar \u00e0 cocktails\",\"potentialAction\":[{\"@type\":\"SearchAction\",\"target\":{\"@type\":\"EntryPoint\",\"urlTemplate\":\"https:\/\/www.laperla-paris.com\/en\/?s={search_term_string}\"},\"query-input\":\"required name=search_term_string\"}],\"inLanguage\":\"en-GB\"}]}<\/script>\n<!-- \/ Yoast SEO plugin. -->","yoast_head_json":{"title":"Guacamole - La Perla Paris English","robots":{"index":"index","follow":"follow","max-snippet":"max-snippet:-1","max-image-preview":"max-image-preview:large","max-video-preview":"max-video-preview:-1"},"canonical":"https:\/\/www.laperla-paris.com\/en\/product\/guacamole\/","og_locale":"en_GB","og_type":"article","og_title":"Guacamole - La Perla Paris English","og_description":"Mousse d\u2019avocat frais, tomates, oignons, cr\u00e8me fra\u00eeche, \u00e9pices.","og_url":"https:\/\/www.laperla-paris.com\/en\/product\/guacamole\/","og_site_name":"La Perla Paris English","article_modified_time":"2022-11-19T16:56:52+00:00","og_image":[{"width":453,"height":603,"url":"https:\/\/www.laperla-paris.com\/en\/wp-content\/uploads\/2020\/06\/GUACAMOLE.png","type":"image\/png"}],"twitter_card":"summary_large_image","schema":{"@context":"https:\/\/schema.org","@graph":[{"@type":"WebPage","@id":"https:\/\/www.laperla-paris.com\/en\/product\/guacamole\/","url":"https:\/\/www.laperla-paris.com\/en\/product\/guacamole\/","name":"Guacamole - La Perla Paris English","isPartOf":{"@id":"https:\/\/www.laperla-paris.com\/en\/#website"},"datePublished":"2020-06-07T15:23:28+00:00","dateModified":"2022-11-19T16:56:52+00:00","breadcrumb":{"@id":"https:\/\/www.laperla-paris.com\/en\/product\/guacamole\/#breadcrumb"},"inLanguage":"en-GB","potentialAction":[{"@type":"ReadAction","target":["https:\/\/www.laperla-paris.com\/en\/product\/guacamole\/"]}]},{"@type":"BreadcrumbList","@id":"https:\/\/www.laperla-paris.com\/en\/product\/guacamole\/#breadcrumb","itemListElement":[{"@type":"ListItem","position":1,"name":"Home","item":"https:\/\/www.laperla-paris.com\/en\/"},{"@type":"ListItem","position":2,"name":"Guacamole"}]},{"@type":"WebSite","@id":"https:\/\/www.laperla-paris.com\/en\/#website","url":"https:\/\/www.laperla-paris.com\/en\/","name":"La Perla Paris English","description":"bar mexicain Paris restaurant bar \u00e0 cocktails","potentialAction":[{"@type":"SearchAction","target":{"@type":"EntryPoint","urlTemplate":"https:\/\/www.laperla-paris.com\/en\/?s={search_term_string}"},"query-input":"required name=search_term_string"}],"inLanguage":"en-GB"}]}},"_links":{"self":[{"href":"https:\/\/www.laperla-paris.com\/en\/wp-json\/wp\/v2\/product\/4055"}],"collection":[{"href":"https:\/\/www.laperla-paris.com\/en\/wp-json\/wp\/v2\/product"}],"about":[{"href":"https:\/\/www.laperla-paris.com\/en\/wp-json\/wp\/v2\/types\/product"}],"wp:featuredmedia":[{"embeddable":true,"href":"https:\/\/www.laperla-paris.com\/en\/wp-json\/wp\/v2\/media\/4206"}],"wp:attachment":[{"href":"https:\/\/www.laperla-paris.com\/en\/wp-json\/wp\/v2\/media?parent=4055"}],"wp:term":[{"taxonomy":"product_cat","embeddable":true,"href":"https:\/\/www.laperla-paris.com\/en\/wp-json\/wp\/v2\/product_cat?post=4055"},{"taxonomy":"product_tag","embeddable":true,"href":"https:\/\/www.laperla-paris.com\/en\/wp-json\/wp\/v2\/product_tag?post=4055"}],"curies":[{"name":"wp","href":"https:\/\/api.w.org\/{rel}","templated":true}]}}