{"id":4050,"date":"2020-06-07T17:13:07","date_gmt":"2020-06-07T15:13:07","guid":{"rendered":"https:\/\/www.laperla-paris.com\/english\/?post_type=product&#038;p=4050"},"modified":"2022-11-19T17:57:42","modified_gmt":"2022-11-19T16:57:42","slug":"chile-con-carne-paris","status":"publish","type":"product","link":"https:\/\/www.laperla-paris.com\/en\/product\/chile-con-carne-paris\/","title":{"rendered":"Chile con Carne"},"content":{"rendered":"","protected":false},"excerpt":{"rendered":"<div class=\"page\" title=\"Page 2\">\n<div class=\"layoutArea\">\n<div class=\"column\">\n<p>B\u0153uf hach\u00e9, haricots rouges, tomates, poivrons, fromage fondu et cr\u00e8me fra\u00eeche.<\/p>\n<\/div>\n<\/div>\n<\/div>\n","protected":false},"featured_media":4177,"template":"","meta":{"_mi_skip_tracking":false},"product_cat":[98],"product_tag":[],"yoast_head":"<!-- This site is optimized with the Yoast SEO plugin v20.3 - https:\/\/yoast.com\/wordpress\/plugins\/seo\/ -->\n<title>Chile con Carne Paris, by la Perla Bar Click and Collect<\/title>\n<meta name=\"description\" content=\"Le fameux chile con carne Paris de la Perla Bar, disponible sur l&#039;option click and collect. Commandez, r\u00e9cup\u00e9rez, d\u00e9gustez !\" \/>\n<meta name=\"robots\" content=\"index, follow, max-snippet:-1, max-image-preview:large, max-video-preview:-1\" \/>\n<link rel=\"canonical\" href=\"https:\/\/www.laperla-paris.com\/en\/product\/chile-con-carne-paris\/\" \/>\n<meta property=\"og:locale\" content=\"en_GB\" \/>\n<meta property=\"og:type\" content=\"article\" \/>\n<meta property=\"og:title\" content=\"Chile con Carne Paris, by la Perla Bar Click and Collect\" \/>\n<meta property=\"og:description\" content=\"Le fameux chile con carne Paris de la Perla Bar, disponible sur l&#039;option click and collect. Commandez, r\u00e9cup\u00e9rez, d\u00e9gustez !\" \/>\n<meta property=\"og:url\" content=\"https:\/\/www.laperla-paris.com\/en\/product\/chile-con-carne-paris\/\" \/>\n<meta property=\"og:site_name\" content=\"La Perla Paris English\" \/>\n<meta property=\"article:modified_time\" content=\"2022-11-19T16:57:42+00:00\" \/>\n<meta property=\"og:image\" content=\"https:\/\/www.laperla-paris.com\/en\/wp-content\/uploads\/2020\/06\/chile-con-carne-.png\" \/>\n\t<meta property=\"og:image:width\" content=\"453\" \/>\n\t<meta property=\"og:image:height\" content=\"606\" \/>\n\t<meta property=\"og:image:type\" content=\"image\/png\" \/>\n<meta name=\"twitter:card\" content=\"summary_large_image\" \/>\n<script type=\"application\/ld+json\" class=\"yoast-schema-graph\">{\"@context\":\"https:\/\/schema.org\",\"@graph\":[{\"@type\":\"WebPage\",\"@id\":\"https:\/\/www.laperla-paris.com\/en\/product\/chile-con-carne-paris\/\",\"url\":\"https:\/\/www.laperla-paris.com\/en\/product\/chile-con-carne-paris\/\",\"name\":\"Chile con Carne Paris, by la Perla Bar Click and Collect\",\"isPartOf\":{\"@id\":\"https:\/\/www.laperla-paris.com\/en\/#website\"},\"datePublished\":\"2020-06-07T15:13:07+00:00\",\"dateModified\":\"2022-11-19T16:57:42+00:00\",\"description\":\"Le fameux chile con carne Paris de la Perla Bar, disponible sur l'option click and collect. Commandez, r\u00e9cup\u00e9rez, d\u00e9gustez !\",\"breadcrumb\":{\"@id\":\"https:\/\/www.laperla-paris.com\/en\/product\/chile-con-carne-paris\/#breadcrumb\"},\"inLanguage\":\"en-GB\",\"potentialAction\":[{\"@type\":\"ReadAction\",\"target\":[\"https:\/\/www.laperla-paris.com\/en\/product\/chile-con-carne-paris\/\"]}]},{\"@type\":\"BreadcrumbList\",\"@id\":\"https:\/\/www.laperla-paris.com\/en\/product\/chile-con-carne-paris\/#breadcrumb\",\"itemListElement\":[{\"@type\":\"ListItem\",\"position\":1,\"name\":\"Home\",\"item\":\"https:\/\/www.laperla-paris.com\/en\/\"},{\"@type\":\"ListItem\",\"position\":2,\"name\":\"Chile con Carne\"}]},{\"@type\":\"WebSite\",\"@id\":\"https:\/\/www.laperla-paris.com\/en\/#website\",\"url\":\"https:\/\/www.laperla-paris.com\/en\/\",\"name\":\"La Perla Paris English\",\"description\":\"bar mexicain Paris restaurant bar \u00e0 cocktails\",\"potentialAction\":[{\"@type\":\"SearchAction\",\"target\":{\"@type\":\"EntryPoint\",\"urlTemplate\":\"https:\/\/www.laperla-paris.com\/en\/?s={search_term_string}\"},\"query-input\":\"required name=search_term_string\"}],\"inLanguage\":\"en-GB\"}]}<\/script>\n<!-- \/ Yoast SEO plugin. -->","yoast_head_json":{"title":"Chile con Carne Paris, by la Perla Bar Click and Collect","description":"Le fameux chile con carne Paris de la Perla Bar, disponible sur l'option click and collect. Commandez, r\u00e9cup\u00e9rez, d\u00e9gustez !","robots":{"index":"index","follow":"follow","max-snippet":"max-snippet:-1","max-image-preview":"max-image-preview:large","max-video-preview":"max-video-preview:-1"},"canonical":"https:\/\/www.laperla-paris.com\/en\/product\/chile-con-carne-paris\/","og_locale":"en_GB","og_type":"article","og_title":"Chile con Carne Paris, by la Perla Bar Click and Collect","og_description":"Le fameux chile con carne Paris de la Perla Bar, disponible sur l'option click and collect. Commandez, r\u00e9cup\u00e9rez, d\u00e9gustez !","og_url":"https:\/\/www.laperla-paris.com\/en\/product\/chile-con-carne-paris\/","og_site_name":"La Perla Paris English","article_modified_time":"2022-11-19T16:57:42+00:00","og_image":[{"width":453,"height":606,"url":"https:\/\/www.laperla-paris.com\/en\/wp-content\/uploads\/2020\/06\/chile-con-carne-.png","type":"image\/png"}],"twitter_card":"summary_large_image","schema":{"@context":"https:\/\/schema.org","@graph":[{"@type":"WebPage","@id":"https:\/\/www.laperla-paris.com\/en\/product\/chile-con-carne-paris\/","url":"https:\/\/www.laperla-paris.com\/en\/product\/chile-con-carne-paris\/","name":"Chile con Carne Paris, by la Perla Bar Click and Collect","isPartOf":{"@id":"https:\/\/www.laperla-paris.com\/en\/#website"},"datePublished":"2020-06-07T15:13:07+00:00","dateModified":"2022-11-19T16:57:42+00:00","description":"Le fameux chile con carne Paris de la Perla Bar, disponible sur l'option click and collect. Commandez, r\u00e9cup\u00e9rez, d\u00e9gustez !","breadcrumb":{"@id":"https:\/\/www.laperla-paris.com\/en\/product\/chile-con-carne-paris\/#breadcrumb"},"inLanguage":"en-GB","potentialAction":[{"@type":"ReadAction","target":["https:\/\/www.laperla-paris.com\/en\/product\/chile-con-carne-paris\/"]}]},{"@type":"BreadcrumbList","@id":"https:\/\/www.laperla-paris.com\/en\/product\/chile-con-carne-paris\/#breadcrumb","itemListElement":[{"@type":"ListItem","position":1,"name":"Home","item":"https:\/\/www.laperla-paris.com\/en\/"},{"@type":"ListItem","position":2,"name":"Chile con Carne"}]},{"@type":"WebSite","@id":"https:\/\/www.laperla-paris.com\/en\/#website","url":"https:\/\/www.laperla-paris.com\/en\/","name":"La Perla Paris English","description":"bar mexicain Paris restaurant bar \u00e0 cocktails","potentialAction":[{"@type":"SearchAction","target":{"@type":"EntryPoint","urlTemplate":"https:\/\/www.laperla-paris.com\/en\/?s={search_term_string}"},"query-input":"required name=search_term_string"}],"inLanguage":"en-GB"}]}},"_links":{"self":[{"href":"https:\/\/www.laperla-paris.com\/en\/wp-json\/wp\/v2\/product\/4050"}],"collection":[{"href":"https:\/\/www.laperla-paris.com\/en\/wp-json\/wp\/v2\/product"}],"about":[{"href":"https:\/\/www.laperla-paris.com\/en\/wp-json\/wp\/v2\/types\/product"}],"wp:featuredmedia":[{"embeddable":true,"href":"https:\/\/www.laperla-paris.com\/en\/wp-json\/wp\/v2\/media\/4177"}],"wp:attachment":[{"href":"https:\/\/www.laperla-paris.com\/en\/wp-json\/wp\/v2\/media?parent=4050"}],"wp:term":[{"taxonomy":"product_cat","embeddable":true,"href":"https:\/\/www.laperla-paris.com\/en\/wp-json\/wp\/v2\/product_cat?post=4050"},{"taxonomy":"product_tag","embeddable":true,"href":"https:\/\/www.laperla-paris.com\/en\/wp-json\/wp\/v2\/product_tag?post=4050"}],"curies":[{"name":"wp","href":"https:\/\/api.w.org\/{rel}","templated":true}]}}