{"id":4044,"date":"2020-06-07T16:51:50","date_gmt":"2020-06-07T14:51:50","guid":{"rendered":"https:\/\/www.laperla-paris.com\/english\/?post_type=product&#038;p=4044"},"modified":"2022-11-19T17:58:36","modified_gmt":"2022-11-19T16:58:36","slug":"gambas-a-la-mexicaine","status":"publish","type":"product","link":"https:\/\/www.laperla-paris.com\/en\/product\/gambas-a-la-mexicaine\/","title":{"rendered":"Gambas \u00e0 la mexicaine"},"content":{"rendered":"","protected":false},"excerpt":{"rendered":"<div class=\"page\" title=\"Page 2\">\n<div class=\"layoutArea\">\n<div class=\"column\">\n<p>Crevettes rouges sauvages (origine : Argentine), cuites dans une sauce tomate l\u00e9g\u00e8rement \u00e9pic\u00e9e. Oignons, poivrons. Servi avec riz et haricots noirs.<\/p>\n<\/div>\n<\/div>\n<\/div>\n","protected":false},"featured_media":4179,"template":"","meta":{"_mi_skip_tracking":false},"product_cat":[98],"product_tag":[],"yoast_head":"<!-- This site is optimized with the Yoast SEO plugin v20.3 - https:\/\/yoast.com\/wordpress\/plugins\/seo\/ -->\n<title>Gambas \u00e0 la mexicaine - La Perla Paris English Click and Collect La Perla Paris<\/title>\n<meta name=\"description\" content=\"De savoureuses crevettes sauvages originaires d&#039;Argentine, cuites dans une sauce tomates \u00e9pic\u00e9e. Les Gambas \u00e0 la mexicaine en Click and Collect, la Perla\" \/>\n<meta name=\"robots\" content=\"index, follow, max-snippet:-1, max-image-preview:large, max-video-preview:-1\" \/>\n<link rel=\"canonical\" href=\"https:\/\/www.laperla-paris.com\/en\/product\/gambas-a-la-mexicaine\/\" \/>\n<meta property=\"og:locale\" content=\"en_GB\" \/>\n<meta property=\"og:type\" content=\"article\" \/>\n<meta property=\"og:title\" content=\"Gambas \u00e0 la mexicaine - La Perla Paris English Click and Collect La Perla Paris\" \/>\n<meta property=\"og:description\" content=\"De savoureuses crevettes sauvages originaires d&#039;Argentine, cuites dans une sauce tomates \u00e9pic\u00e9e. Les Gambas \u00e0 la mexicaine en Click and Collect, la Perla\" \/>\n<meta property=\"og:url\" content=\"https:\/\/www.laperla-paris.com\/en\/product\/gambas-a-la-mexicaine\/\" \/>\n<meta property=\"og:site_name\" content=\"La Perla Paris English\" \/>\n<meta property=\"article:modified_time\" content=\"2022-11-19T16:58:36+00:00\" \/>\n<meta property=\"og:image\" content=\"https:\/\/www.laperla-paris.com\/en\/wp-content\/uploads\/2020\/06\/gambas-\u00e0-la-mexicaine-.png\" \/>\n\t<meta property=\"og:image:width\" content=\"453\" \/>\n\t<meta property=\"og:image:height\" content=\"604\" \/>\n\t<meta property=\"og:image:type\" content=\"image\/png\" \/>\n<meta name=\"twitter:card\" content=\"summary_large_image\" \/>\n<script type=\"application\/ld+json\" class=\"yoast-schema-graph\">{\"@context\":\"https:\/\/schema.org\",\"@graph\":[{\"@type\":\"WebPage\",\"@id\":\"https:\/\/www.laperla-paris.com\/en\/product\/gambas-a-la-mexicaine\/\",\"url\":\"https:\/\/www.laperla-paris.com\/en\/product\/gambas-a-la-mexicaine\/\",\"name\":\"Gambas \u00e0 la mexicaine - La Perla Paris English Click and Collect La Perla Paris\",\"isPartOf\":{\"@id\":\"https:\/\/www.laperla-paris.com\/en\/#website\"},\"datePublished\":\"2020-06-07T14:51:50+00:00\",\"dateModified\":\"2022-11-19T16:58:36+00:00\",\"description\":\"De savoureuses crevettes sauvages originaires d'Argentine, cuites dans une sauce tomates \u00e9pic\u00e9e. Les Gambas \u00e0 la mexicaine en Click and Collect, la Perla\",\"breadcrumb\":{\"@id\":\"https:\/\/www.laperla-paris.com\/en\/product\/gambas-a-la-mexicaine\/#breadcrumb\"},\"inLanguage\":\"en-GB\",\"potentialAction\":[{\"@type\":\"ReadAction\",\"target\":[\"https:\/\/www.laperla-paris.com\/en\/product\/gambas-a-la-mexicaine\/\"]}]},{\"@type\":\"BreadcrumbList\",\"@id\":\"https:\/\/www.laperla-paris.com\/en\/product\/gambas-a-la-mexicaine\/#breadcrumb\",\"itemListElement\":[{\"@type\":\"ListItem\",\"position\":1,\"name\":\"Home\",\"item\":\"https:\/\/www.laperla-paris.com\/en\/\"},{\"@type\":\"ListItem\",\"position\":2,\"name\":\"Gambas \u00e0 la mexicaine\"}]},{\"@type\":\"WebSite\",\"@id\":\"https:\/\/www.laperla-paris.com\/en\/#website\",\"url\":\"https:\/\/www.laperla-paris.com\/en\/\",\"name\":\"La Perla Paris English\",\"description\":\"bar mexicain Paris restaurant bar \u00e0 cocktails\",\"potentialAction\":[{\"@type\":\"SearchAction\",\"target\":{\"@type\":\"EntryPoint\",\"urlTemplate\":\"https:\/\/www.laperla-paris.com\/en\/?s={search_term_string}\"},\"query-input\":\"required name=search_term_string\"}],\"inLanguage\":\"en-GB\"}]}<\/script>\n<!-- \/ Yoast SEO plugin. -->","yoast_head_json":{"title":"Gambas \u00e0 la mexicaine - La Perla Paris English Click and Collect La Perla Paris","description":"De savoureuses crevettes sauvages originaires d'Argentine, cuites dans une sauce tomates \u00e9pic\u00e9e. Les Gambas \u00e0 la mexicaine en Click and Collect, la Perla","robots":{"index":"index","follow":"follow","max-snippet":"max-snippet:-1","max-image-preview":"max-image-preview:large","max-video-preview":"max-video-preview:-1"},"canonical":"https:\/\/www.laperla-paris.com\/en\/product\/gambas-a-la-mexicaine\/","og_locale":"en_GB","og_type":"article","og_title":"Gambas \u00e0 la mexicaine - La Perla Paris English Click and Collect La Perla Paris","og_description":"De savoureuses crevettes sauvages originaires d'Argentine, cuites dans une sauce tomates \u00e9pic\u00e9e. Les Gambas \u00e0 la mexicaine en Click and Collect, la Perla","og_url":"https:\/\/www.laperla-paris.com\/en\/product\/gambas-a-la-mexicaine\/","og_site_name":"La Perla Paris English","article_modified_time":"2022-11-19T16:58:36+00:00","og_image":[{"width":453,"height":604,"url":"https:\/\/www.laperla-paris.com\/en\/wp-content\/uploads\/2020\/06\/gambas-\u00e0-la-mexicaine-.png","type":"image\/png"}],"twitter_card":"summary_large_image","schema":{"@context":"https:\/\/schema.org","@graph":[{"@type":"WebPage","@id":"https:\/\/www.laperla-paris.com\/en\/product\/gambas-a-la-mexicaine\/","url":"https:\/\/www.laperla-paris.com\/en\/product\/gambas-a-la-mexicaine\/","name":"Gambas \u00e0 la mexicaine - La Perla Paris English Click and Collect La Perla Paris","isPartOf":{"@id":"https:\/\/www.laperla-paris.com\/en\/#website"},"datePublished":"2020-06-07T14:51:50+00:00","dateModified":"2022-11-19T16:58:36+00:00","description":"De savoureuses crevettes sauvages originaires d'Argentine, cuites dans une sauce tomates \u00e9pic\u00e9e. Les Gambas \u00e0 la mexicaine en Click and Collect, la Perla","breadcrumb":{"@id":"https:\/\/www.laperla-paris.com\/en\/product\/gambas-a-la-mexicaine\/#breadcrumb"},"inLanguage":"en-GB","potentialAction":[{"@type":"ReadAction","target":["https:\/\/www.laperla-paris.com\/en\/product\/gambas-a-la-mexicaine\/"]}]},{"@type":"BreadcrumbList","@id":"https:\/\/www.laperla-paris.com\/en\/product\/gambas-a-la-mexicaine\/#breadcrumb","itemListElement":[{"@type":"ListItem","position":1,"name":"Home","item":"https:\/\/www.laperla-paris.com\/en\/"},{"@type":"ListItem","position":2,"name":"Gambas \u00e0 la mexicaine"}]},{"@type":"WebSite","@id":"https:\/\/www.laperla-paris.com\/en\/#website","url":"https:\/\/www.laperla-paris.com\/en\/","name":"La Perla Paris English","description":"bar mexicain Paris restaurant bar \u00e0 cocktails","potentialAction":[{"@type":"SearchAction","target":{"@type":"EntryPoint","urlTemplate":"https:\/\/www.laperla-paris.com\/en\/?s={search_term_string}"},"query-input":"required name=search_term_string"}],"inLanguage":"en-GB"}]}},"_links":{"self":[{"href":"https:\/\/www.laperla-paris.com\/en\/wp-json\/wp\/v2\/product\/4044"}],"collection":[{"href":"https:\/\/www.laperla-paris.com\/en\/wp-json\/wp\/v2\/product"}],"about":[{"href":"https:\/\/www.laperla-paris.com\/en\/wp-json\/wp\/v2\/types\/product"}],"wp:featuredmedia":[{"embeddable":true,"href":"https:\/\/www.laperla-paris.com\/en\/wp-json\/wp\/v2\/media\/4179"}],"wp:attachment":[{"href":"https:\/\/www.laperla-paris.com\/en\/wp-json\/wp\/v2\/media?parent=4044"}],"wp:term":[{"taxonomy":"product_cat","embeddable":true,"href":"https:\/\/www.laperla-paris.com\/en\/wp-json\/wp\/v2\/product_cat?post=4044"},{"taxonomy":"product_tag","embeddable":true,"href":"https:\/\/www.laperla-paris.com\/en\/wp-json\/wp\/v2\/product_tag?post=4044"}],"curies":[{"name":"wp","href":"https:\/\/api.w.org\/{rel}","templated":true}]}}