{"id":4038,"date":"2020-06-06T11:13:07","date_gmt":"2020-06-06T09:13:07","guid":{"rendered":"https:\/\/www.laperla-paris.com\/english\/?post_type=product&#038;p=4038"},"modified":"2022-11-19T17:59:24","modified_gmt":"2022-11-19T16:59:24","slug":"burrito-boeuf-hache","status":"publish","type":"product","link":"https:\/\/www.laperla-paris.com\/en\/product\/burrito-boeuf-hache\/","title":{"rendered":"Burrito de boeuf hach\u00e9"},"content":{"rendered":"","protected":false},"excerpt":{"rendered":"<div class=\"page\" title=\"Page 1\">\n<div class=\"layoutArea\">\n<div class=\"column\">\n<p>Tortilla de bl\u00e9 farcie de boeuf hach\u00e9, fromage, oignons, laitue iceberg, cr\u00e8me fra\u00eeche, garni de guacamole (contient : bl\u00e9, fromage, cr\u00e8me fra\u00eeche)<\/p>\n<\/div>\n<\/div>\n<\/div>\n","protected":false},"featured_media":4183,"template":"","meta":{"_mi_skip_tracking":false},"product_cat":[98],"product_tag":[],"yoast_head":"<!-- This site is optimized with the Yoast SEO plugin v20.3 - https:\/\/yoast.com\/wordpress\/plugins\/seo\/ -->\n<title>Burrito de boeuf hach\u00e9 - La Perla Paris English Click &amp; Collect, \u00e0 emporter<\/title>\n<meta name=\"description\" content=\"Burrito de boeuf hach\u00e9, une belle tortilla de bl\u00e9 farcie de boeuf hach\u00e9 assaisonn\u00e9. Disponible sur le click and collect de La Perla Bar Paris\" \/>\n<meta name=\"robots\" content=\"index, follow, max-snippet:-1, max-image-preview:large, max-video-preview:-1\" \/>\n<link rel=\"canonical\" href=\"https:\/\/www.laperla-paris.com\/en\/product\/burrito-boeuf-hache\/\" \/>\n<meta property=\"og:locale\" content=\"en_GB\" \/>\n<meta property=\"og:type\" content=\"article\" \/>\n<meta property=\"og:title\" content=\"Burrito de boeuf hach\u00e9 - La Perla Paris English Click &amp; Collect, \u00e0 emporter\" \/>\n<meta property=\"og:description\" content=\"Burrito de boeuf hach\u00e9, une belle tortilla de bl\u00e9 farcie de boeuf hach\u00e9 assaisonn\u00e9. Disponible sur le click and collect de La Perla Bar Paris\" \/>\n<meta property=\"og:url\" content=\"https:\/\/www.laperla-paris.com\/en\/product\/burrito-boeuf-hache\/\" \/>\n<meta property=\"og:site_name\" content=\"La Perla Paris English\" \/>\n<meta property=\"article:modified_time\" content=\"2022-11-19T16:59:24+00:00\" \/>\n<meta property=\"og:image\" content=\"https:\/\/www.laperla-paris.com\/en\/wp-content\/uploads\/2020\/06\/burrito-boeuf.png\" \/>\n\t<meta property=\"og:image:width\" content=\"453\" \/>\n\t<meta property=\"og:image:height\" content=\"605\" \/>\n\t<meta property=\"og:image:type\" content=\"image\/png\" \/>\n<meta name=\"twitter:card\" content=\"summary_large_image\" \/>\n<script type=\"application\/ld+json\" class=\"yoast-schema-graph\">{\"@context\":\"https:\/\/schema.org\",\"@graph\":[{\"@type\":\"WebPage\",\"@id\":\"https:\/\/www.laperla-paris.com\/en\/product\/burrito-boeuf-hache\/\",\"url\":\"https:\/\/www.laperla-paris.com\/en\/product\/burrito-boeuf-hache\/\",\"name\":\"Burrito de boeuf hach\u00e9 - La Perla Paris English Click & Collect, \u00e0 emporter\",\"isPartOf\":{\"@id\":\"https:\/\/www.laperla-paris.com\/en\/#website\"},\"datePublished\":\"2020-06-06T09:13:07+00:00\",\"dateModified\":\"2022-11-19T16:59:24+00:00\",\"description\":\"Burrito de boeuf hach\u00e9, une belle tortilla de bl\u00e9 farcie de boeuf hach\u00e9 assaisonn\u00e9. Disponible sur le click and collect de La Perla Bar Paris\",\"breadcrumb\":{\"@id\":\"https:\/\/www.laperla-paris.com\/en\/product\/burrito-boeuf-hache\/#breadcrumb\"},\"inLanguage\":\"en-GB\",\"potentialAction\":[{\"@type\":\"ReadAction\",\"target\":[\"https:\/\/www.laperla-paris.com\/en\/product\/burrito-boeuf-hache\/\"]}]},{\"@type\":\"BreadcrumbList\",\"@id\":\"https:\/\/www.laperla-paris.com\/en\/product\/burrito-boeuf-hache\/#breadcrumb\",\"itemListElement\":[{\"@type\":\"ListItem\",\"position\":1,\"name\":\"Home\",\"item\":\"https:\/\/www.laperla-paris.com\/en\/\"},{\"@type\":\"ListItem\",\"position\":2,\"name\":\"Burrito de boeuf hach\u00e9\"}]},{\"@type\":\"WebSite\",\"@id\":\"https:\/\/www.laperla-paris.com\/en\/#website\",\"url\":\"https:\/\/www.laperla-paris.com\/en\/\",\"name\":\"La Perla Paris English\",\"description\":\"bar mexicain Paris restaurant bar \u00e0 cocktails\",\"potentialAction\":[{\"@type\":\"SearchAction\",\"target\":{\"@type\":\"EntryPoint\",\"urlTemplate\":\"https:\/\/www.laperla-paris.com\/en\/?s={search_term_string}\"},\"query-input\":\"required name=search_term_string\"}],\"inLanguage\":\"en-GB\"}]}<\/script>\n<!-- \/ Yoast SEO plugin. -->","yoast_head_json":{"title":"Burrito de boeuf hach\u00e9 - La Perla Paris English Click & Collect, \u00e0 emporter","description":"Burrito de boeuf hach\u00e9, une belle tortilla de bl\u00e9 farcie de boeuf hach\u00e9 assaisonn\u00e9. Disponible sur le click and collect de La Perla Bar Paris","robots":{"index":"index","follow":"follow","max-snippet":"max-snippet:-1","max-image-preview":"max-image-preview:large","max-video-preview":"max-video-preview:-1"},"canonical":"https:\/\/www.laperla-paris.com\/en\/product\/burrito-boeuf-hache\/","og_locale":"en_GB","og_type":"article","og_title":"Burrito de boeuf hach\u00e9 - La Perla Paris English Click & Collect, \u00e0 emporter","og_description":"Burrito de boeuf hach\u00e9, une belle tortilla de bl\u00e9 farcie de boeuf hach\u00e9 assaisonn\u00e9. Disponible sur le click and collect de La Perla Bar Paris","og_url":"https:\/\/www.laperla-paris.com\/en\/product\/burrito-boeuf-hache\/","og_site_name":"La Perla Paris English","article_modified_time":"2022-11-19T16:59:24+00:00","og_image":[{"width":453,"height":605,"url":"https:\/\/www.laperla-paris.com\/en\/wp-content\/uploads\/2020\/06\/burrito-boeuf.png","type":"image\/png"}],"twitter_card":"summary_large_image","schema":{"@context":"https:\/\/schema.org","@graph":[{"@type":"WebPage","@id":"https:\/\/www.laperla-paris.com\/en\/product\/burrito-boeuf-hache\/","url":"https:\/\/www.laperla-paris.com\/en\/product\/burrito-boeuf-hache\/","name":"Burrito de boeuf hach\u00e9 - La Perla Paris English Click & Collect, \u00e0 emporter","isPartOf":{"@id":"https:\/\/www.laperla-paris.com\/en\/#website"},"datePublished":"2020-06-06T09:13:07+00:00","dateModified":"2022-11-19T16:59:24+00:00","description":"Burrito de boeuf hach\u00e9, une belle tortilla de bl\u00e9 farcie de boeuf hach\u00e9 assaisonn\u00e9. Disponible sur le click and collect de La Perla Bar Paris","breadcrumb":{"@id":"https:\/\/www.laperla-paris.com\/en\/product\/burrito-boeuf-hache\/#breadcrumb"},"inLanguage":"en-GB","potentialAction":[{"@type":"ReadAction","target":["https:\/\/www.laperla-paris.com\/en\/product\/burrito-boeuf-hache\/"]}]},{"@type":"BreadcrumbList","@id":"https:\/\/www.laperla-paris.com\/en\/product\/burrito-boeuf-hache\/#breadcrumb","itemListElement":[{"@type":"ListItem","position":1,"name":"Home","item":"https:\/\/www.laperla-paris.com\/en\/"},{"@type":"ListItem","position":2,"name":"Burrito de boeuf hach\u00e9"}]},{"@type":"WebSite","@id":"https:\/\/www.laperla-paris.com\/en\/#website","url":"https:\/\/www.laperla-paris.com\/en\/","name":"La Perla Paris English","description":"bar mexicain Paris restaurant bar \u00e0 cocktails","potentialAction":[{"@type":"SearchAction","target":{"@type":"EntryPoint","urlTemplate":"https:\/\/www.laperla-paris.com\/en\/?s={search_term_string}"},"query-input":"required name=search_term_string"}],"inLanguage":"en-GB"}]}},"_links":{"self":[{"href":"https:\/\/www.laperla-paris.com\/en\/wp-json\/wp\/v2\/product\/4038"}],"collection":[{"href":"https:\/\/www.laperla-paris.com\/en\/wp-json\/wp\/v2\/product"}],"about":[{"href":"https:\/\/www.laperla-paris.com\/en\/wp-json\/wp\/v2\/types\/product"}],"wp:featuredmedia":[{"embeddable":true,"href":"https:\/\/www.laperla-paris.com\/en\/wp-json\/wp\/v2\/media\/4183"}],"wp:attachment":[{"href":"https:\/\/www.laperla-paris.com\/en\/wp-json\/wp\/v2\/media?parent=4038"}],"wp:term":[{"taxonomy":"product_cat","embeddable":true,"href":"https:\/\/www.laperla-paris.com\/en\/wp-json\/wp\/v2\/product_cat?post=4038"},{"taxonomy":"product_tag","embeddable":true,"href":"https:\/\/www.laperla-paris.com\/en\/wp-json\/wp\/v2\/product_tag?post=4038"}],"curies":[{"name":"wp","href":"https:\/\/api.w.org\/{rel}","templated":true}]}}