{"id":4036,"date":"2020-06-06T11:03:30","date_gmt":"2020-06-06T09:03:30","guid":{"rendered":"https:\/\/www.laperla-paris.com\/english\/?post_type=product&#038;p=4036"},"modified":"2022-11-19T17:59:37","modified_gmt":"2022-11-19T16:59:37","slug":"burrito-espinacas","status":"publish","type":"product","link":"https:\/\/www.laperla-paris.com\/en\/product\/burrito-espinacas\/","title":{"rendered":"Burrito Espinacas"},"content":{"rendered":"","protected":false},"excerpt":{"rendered":"<div class=\"page\" title=\"Page 1\">\n<div class=\"layoutArea\">\n<div class=\"column\">\n<p>Tortilla de bl\u00e9 farcie de fromage de ch\u00e8vre, \u00e9pinards, tomates, oignons, ma\u00efs, ananas, garni de guacamole et cr\u00e8me fra\u00eeche (contient : bl\u00e9, ma\u00efs, fromage, cr\u00e8me fra\u00eeche)<\/p>\n<\/div>\n<\/div>\n<\/div>\n","protected":false},"featured_media":4186,"template":"","meta":{"_mi_skip_tracking":false},"product_cat":[98],"product_tag":[],"yoast_head":"<!-- This site is optimized with the Yoast SEO plugin v20.3 - https:\/\/yoast.com\/wordpress\/plugins\/seo\/ -->\n<title>Burrito Espinacas - La Perla Paris English Click &amp; Collect vente \u00e0 emporter<\/title>\n<meta name=\"description\" content=\"Click and Collect de La Perla Bar Paris, vente de plats et boissons \u00e0 emporter, comme le Burrito Espinacas \u00e0 base de tortilla de bl\u00e9 et d&#039;\u00e9pinards frais\" \/>\n<meta name=\"robots\" content=\"index, follow, max-snippet:-1, max-image-preview:large, max-video-preview:-1\" \/>\n<link rel=\"canonical\" href=\"https:\/\/www.laperla-paris.com\/en\/product\/burrito-espinacas\/\" \/>\n<meta property=\"og:locale\" content=\"en_GB\" \/>\n<meta property=\"og:type\" content=\"article\" \/>\n<meta property=\"og:title\" content=\"Burrito Espinacas - La Perla Paris English Click &amp; Collect vente \u00e0 emporter\" \/>\n<meta property=\"og:description\" content=\"Click and Collect de La Perla Bar Paris, vente de plats et boissons \u00e0 emporter, comme le Burrito Espinacas \u00e0 base de tortilla de bl\u00e9 et d&#039;\u00e9pinards frais\" \/>\n<meta property=\"og:url\" content=\"https:\/\/www.laperla-paris.com\/en\/product\/burrito-espinacas\/\" \/>\n<meta property=\"og:site_name\" content=\"La Perla Paris English\" \/>\n<meta property=\"article:modified_time\" content=\"2022-11-19T16:59:37+00:00\" \/>\n<meta property=\"og:image\" content=\"https:\/\/www.laperla-paris.com\/en\/wp-content\/uploads\/2020\/06\/burrito-espinacas.png\" \/>\n\t<meta property=\"og:image:width\" content=\"453\" \/>\n\t<meta property=\"og:image:height\" content=\"600\" \/>\n\t<meta property=\"og:image:type\" content=\"image\/png\" \/>\n<meta name=\"twitter:card\" content=\"summary_large_image\" \/>\n<script type=\"application\/ld+json\" class=\"yoast-schema-graph\">{\"@context\":\"https:\/\/schema.org\",\"@graph\":[{\"@type\":\"WebPage\",\"@id\":\"https:\/\/www.laperla-paris.com\/en\/product\/burrito-espinacas\/\",\"url\":\"https:\/\/www.laperla-paris.com\/en\/product\/burrito-espinacas\/\",\"name\":\"Burrito Espinacas - La Perla Paris English Click & Collect vente \u00e0 emporter\",\"isPartOf\":{\"@id\":\"https:\/\/www.laperla-paris.com\/en\/#website\"},\"datePublished\":\"2020-06-06T09:03:30+00:00\",\"dateModified\":\"2022-11-19T16:59:37+00:00\",\"description\":\"Click and Collect de La Perla Bar Paris, vente de plats et boissons \u00e0 emporter, comme le Burrito Espinacas \u00e0 base de tortilla de bl\u00e9 et d'\u00e9pinards frais\",\"breadcrumb\":{\"@id\":\"https:\/\/www.laperla-paris.com\/en\/product\/burrito-espinacas\/#breadcrumb\"},\"inLanguage\":\"en-GB\",\"potentialAction\":[{\"@type\":\"ReadAction\",\"target\":[\"https:\/\/www.laperla-paris.com\/en\/product\/burrito-espinacas\/\"]}]},{\"@type\":\"BreadcrumbList\",\"@id\":\"https:\/\/www.laperla-paris.com\/en\/product\/burrito-espinacas\/#breadcrumb\",\"itemListElement\":[{\"@type\":\"ListItem\",\"position\":1,\"name\":\"Home\",\"item\":\"https:\/\/www.laperla-paris.com\/en\/\"},{\"@type\":\"ListItem\",\"position\":2,\"name\":\"Burrito Espinacas\"}]},{\"@type\":\"WebSite\",\"@id\":\"https:\/\/www.laperla-paris.com\/en\/#website\",\"url\":\"https:\/\/www.laperla-paris.com\/en\/\",\"name\":\"La Perla Paris English\",\"description\":\"bar mexicain Paris restaurant bar \u00e0 cocktails\",\"potentialAction\":[{\"@type\":\"SearchAction\",\"target\":{\"@type\":\"EntryPoint\",\"urlTemplate\":\"https:\/\/www.laperla-paris.com\/en\/?s={search_term_string}\"},\"query-input\":\"required name=search_term_string\"}],\"inLanguage\":\"en-GB\"}]}<\/script>\n<!-- \/ Yoast SEO plugin. -->","yoast_head_json":{"title":"Burrito Espinacas - La Perla Paris English Click & Collect vente \u00e0 emporter","description":"Click and Collect de La Perla Bar Paris, vente de plats et boissons \u00e0 emporter, comme le Burrito Espinacas \u00e0 base de tortilla de bl\u00e9 et d'\u00e9pinards frais","robots":{"index":"index","follow":"follow","max-snippet":"max-snippet:-1","max-image-preview":"max-image-preview:large","max-video-preview":"max-video-preview:-1"},"canonical":"https:\/\/www.laperla-paris.com\/en\/product\/burrito-espinacas\/","og_locale":"en_GB","og_type":"article","og_title":"Burrito Espinacas - La Perla Paris English Click & Collect vente \u00e0 emporter","og_description":"Click and Collect de La Perla Bar Paris, vente de plats et boissons \u00e0 emporter, comme le Burrito Espinacas \u00e0 base de tortilla de bl\u00e9 et d'\u00e9pinards frais","og_url":"https:\/\/www.laperla-paris.com\/en\/product\/burrito-espinacas\/","og_site_name":"La Perla Paris English","article_modified_time":"2022-11-19T16:59:37+00:00","og_image":[{"width":453,"height":600,"url":"https:\/\/www.laperla-paris.com\/en\/wp-content\/uploads\/2020\/06\/burrito-espinacas.png","type":"image\/png"}],"twitter_card":"summary_large_image","schema":{"@context":"https:\/\/schema.org","@graph":[{"@type":"WebPage","@id":"https:\/\/www.laperla-paris.com\/en\/product\/burrito-espinacas\/","url":"https:\/\/www.laperla-paris.com\/en\/product\/burrito-espinacas\/","name":"Burrito Espinacas - La Perla Paris English Click & Collect vente \u00e0 emporter","isPartOf":{"@id":"https:\/\/www.laperla-paris.com\/en\/#website"},"datePublished":"2020-06-06T09:03:30+00:00","dateModified":"2022-11-19T16:59:37+00:00","description":"Click and Collect de La Perla Bar Paris, vente de plats et boissons \u00e0 emporter, comme le Burrito Espinacas \u00e0 base de tortilla de bl\u00e9 et d'\u00e9pinards frais","breadcrumb":{"@id":"https:\/\/www.laperla-paris.com\/en\/product\/burrito-espinacas\/#breadcrumb"},"inLanguage":"en-GB","potentialAction":[{"@type":"ReadAction","target":["https:\/\/www.laperla-paris.com\/en\/product\/burrito-espinacas\/"]}]},{"@type":"BreadcrumbList","@id":"https:\/\/www.laperla-paris.com\/en\/product\/burrito-espinacas\/#breadcrumb","itemListElement":[{"@type":"ListItem","position":1,"name":"Home","item":"https:\/\/www.laperla-paris.com\/en\/"},{"@type":"ListItem","position":2,"name":"Burrito Espinacas"}]},{"@type":"WebSite","@id":"https:\/\/www.laperla-paris.com\/en\/#website","url":"https:\/\/www.laperla-paris.com\/en\/","name":"La Perla Paris English","description":"bar mexicain Paris restaurant bar \u00e0 cocktails","potentialAction":[{"@type":"SearchAction","target":{"@type":"EntryPoint","urlTemplate":"https:\/\/www.laperla-paris.com\/en\/?s={search_term_string}"},"query-input":"required name=search_term_string"}],"inLanguage":"en-GB"}]}},"_links":{"self":[{"href":"https:\/\/www.laperla-paris.com\/en\/wp-json\/wp\/v2\/product\/4036"}],"collection":[{"href":"https:\/\/www.laperla-paris.com\/en\/wp-json\/wp\/v2\/product"}],"about":[{"href":"https:\/\/www.laperla-paris.com\/en\/wp-json\/wp\/v2\/types\/product"}],"wp:featuredmedia":[{"embeddable":true,"href":"https:\/\/www.laperla-paris.com\/en\/wp-json\/wp\/v2\/media\/4186"}],"wp:attachment":[{"href":"https:\/\/www.laperla-paris.com\/en\/wp-json\/wp\/v2\/media?parent=4036"}],"wp:term":[{"taxonomy":"product_cat","embeddable":true,"href":"https:\/\/www.laperla-paris.com\/en\/wp-json\/wp\/v2\/product_cat?post=4036"},{"taxonomy":"product_tag","embeddable":true,"href":"https:\/\/www.laperla-paris.com\/en\/wp-json\/wp\/v2\/product_tag?post=4036"}],"curies":[{"name":"wp","href":"https:\/\/api.w.org\/{rel}","templated":true}]}}