{"id":4034,"date":"2020-06-06T10:48:41","date_gmt":"2020-06-06T08:48:41","guid":{"rendered":"https:\/\/www.laperla-paris.com\/english\/?post_type=product&#038;p=4034"},"modified":"2022-11-19T17:59:52","modified_gmt":"2022-11-19T16:59:52","slug":"burrito-fajitas","status":"publish","type":"product","link":"https:\/\/www.laperla-paris.com\/en\/product\/burrito-fajitas\/","title":{"rendered":"Burrito Fajitas au poulet"},"content":{"rendered":"","protected":false},"excerpt":{"rendered":"<div class=\"page\" title=\"Page 1\">\n<div class=\"layoutArea\">\n<div class=\"column\">\n<p>Tortilla de bl\u00e9 farcie poulet marin\u00e9, de fromage, poivrons, oignons, servi avec de la guacamole (contient : bl\u00e9, fromage, cr\u00e8me fra\u00eeche)<\/p>\n<\/div>\n<\/div>\n<\/div>\n","protected":false},"featured_media":4187,"template":"","meta":{"_mi_skip_tracking":false},"product_cat":[98],"product_tag":[],"yoast_head":"<!-- This site is optimized with the Yoast SEO plugin v20.3 - https:\/\/yoast.com\/wordpress\/plugins\/seo\/ -->\n<title>Burrito Fajitas, du bon poulet dor\u00e9 dans une tortilla de bl\u00e9, La Perla C&amp;C<\/title>\n<meta name=\"description\" content=\"Optez pour notre burrito fajitas, du poulet g\u00e9n\u00e9reux, assaison\u00e9 d&#039;herbes, d&#039;\u00e9pices et de guacamole, dans une fine tortilla de bl\u00e9, click &amp; collect La Perla\" \/>\n<meta name=\"robots\" content=\"index, follow, max-snippet:-1, max-image-preview:large, max-video-preview:-1\" \/>\n<link rel=\"canonical\" href=\"https:\/\/www.laperla-paris.com\/en\/product\/burrito-fajitas\/\" \/>\n<meta property=\"og:locale\" content=\"en_GB\" \/>\n<meta property=\"og:type\" content=\"article\" \/>\n<meta property=\"og:title\" content=\"Burrito Fajitas, du bon poulet dor\u00e9 dans une tortilla de bl\u00e9, La Perla C&amp;C\" \/>\n<meta property=\"og:description\" content=\"Optez pour notre burrito fajitas, du poulet g\u00e9n\u00e9reux, assaison\u00e9 d&#039;herbes, d&#039;\u00e9pices et de guacamole, dans une fine tortilla de bl\u00e9, click &amp; collect La Perla\" \/>\n<meta property=\"og:url\" content=\"https:\/\/www.laperla-paris.com\/en\/product\/burrito-fajitas\/\" \/>\n<meta property=\"og:site_name\" content=\"La Perla Paris English\" \/>\n<meta property=\"article:modified_time\" content=\"2022-11-19T16:59:52+00:00\" \/>\n<meta property=\"og:image\" content=\"https:\/\/www.laperla-paris.com\/en\/wp-content\/uploads\/2020\/06\/BURRITO-FAIJITAS.png\" \/>\n\t<meta property=\"og:image:width\" content=\"453\" \/>\n\t<meta property=\"og:image:height\" content=\"594\" \/>\n\t<meta property=\"og:image:type\" content=\"image\/png\" \/>\n<meta name=\"twitter:card\" content=\"summary_large_image\" \/>\n<script type=\"application\/ld+json\" class=\"yoast-schema-graph\">{\"@context\":\"https:\/\/schema.org\",\"@graph\":[{\"@type\":\"WebPage\",\"@id\":\"https:\/\/www.laperla-paris.com\/en\/product\/burrito-fajitas\/\",\"url\":\"https:\/\/www.laperla-paris.com\/en\/product\/burrito-fajitas\/\",\"name\":\"Burrito Fajitas, du bon poulet dor\u00e9 dans une tortilla de bl\u00e9, La Perla C&C\",\"isPartOf\":{\"@id\":\"https:\/\/www.laperla-paris.com\/en\/#website\"},\"datePublished\":\"2020-06-06T08:48:41+00:00\",\"dateModified\":\"2022-11-19T16:59:52+00:00\",\"description\":\"Optez pour notre burrito fajitas, du poulet g\u00e9n\u00e9reux, assaison\u00e9 d'herbes, d'\u00e9pices et de guacamole, dans une fine tortilla de bl\u00e9, click & collect La Perla\",\"breadcrumb\":{\"@id\":\"https:\/\/www.laperla-paris.com\/en\/product\/burrito-fajitas\/#breadcrumb\"},\"inLanguage\":\"en-GB\",\"potentialAction\":[{\"@type\":\"ReadAction\",\"target\":[\"https:\/\/www.laperla-paris.com\/en\/product\/burrito-fajitas\/\"]}]},{\"@type\":\"BreadcrumbList\",\"@id\":\"https:\/\/www.laperla-paris.com\/en\/product\/burrito-fajitas\/#breadcrumb\",\"itemListElement\":[{\"@type\":\"ListItem\",\"position\":1,\"name\":\"Home\",\"item\":\"https:\/\/www.laperla-paris.com\/en\/\"},{\"@type\":\"ListItem\",\"position\":2,\"name\":\"Burrito Fajitas au poulet\"}]},{\"@type\":\"WebSite\",\"@id\":\"https:\/\/www.laperla-paris.com\/en\/#website\",\"url\":\"https:\/\/www.laperla-paris.com\/en\/\",\"name\":\"La Perla Paris English\",\"description\":\"bar mexicain Paris restaurant bar \u00e0 cocktails\",\"potentialAction\":[{\"@type\":\"SearchAction\",\"target\":{\"@type\":\"EntryPoint\",\"urlTemplate\":\"https:\/\/www.laperla-paris.com\/en\/?s={search_term_string}\"},\"query-input\":\"required name=search_term_string\"}],\"inLanguage\":\"en-GB\"}]}<\/script>\n<!-- \/ Yoast SEO plugin. -->","yoast_head_json":{"title":"Burrito Fajitas, du bon poulet dor\u00e9 dans une tortilla de bl\u00e9, La Perla C&C","description":"Optez pour notre burrito fajitas, du poulet g\u00e9n\u00e9reux, assaison\u00e9 d'herbes, d'\u00e9pices et de guacamole, dans une fine tortilla de bl\u00e9, click & collect La Perla","robots":{"index":"index","follow":"follow","max-snippet":"max-snippet:-1","max-image-preview":"max-image-preview:large","max-video-preview":"max-video-preview:-1"},"canonical":"https:\/\/www.laperla-paris.com\/en\/product\/burrito-fajitas\/","og_locale":"en_GB","og_type":"article","og_title":"Burrito Fajitas, du bon poulet dor\u00e9 dans une tortilla de bl\u00e9, La Perla C&C","og_description":"Optez pour notre burrito fajitas, du poulet g\u00e9n\u00e9reux, assaison\u00e9 d'herbes, d'\u00e9pices et de guacamole, dans une fine tortilla de bl\u00e9, click & collect La Perla","og_url":"https:\/\/www.laperla-paris.com\/en\/product\/burrito-fajitas\/","og_site_name":"La Perla Paris English","article_modified_time":"2022-11-19T16:59:52+00:00","og_image":[{"width":453,"height":594,"url":"https:\/\/www.laperla-paris.com\/en\/wp-content\/uploads\/2020\/06\/BURRITO-FAIJITAS.png","type":"image\/png"}],"twitter_card":"summary_large_image","schema":{"@context":"https:\/\/schema.org","@graph":[{"@type":"WebPage","@id":"https:\/\/www.laperla-paris.com\/en\/product\/burrito-fajitas\/","url":"https:\/\/www.laperla-paris.com\/en\/product\/burrito-fajitas\/","name":"Burrito Fajitas, du bon poulet dor\u00e9 dans une tortilla de bl\u00e9, La Perla C&C","isPartOf":{"@id":"https:\/\/www.laperla-paris.com\/en\/#website"},"datePublished":"2020-06-06T08:48:41+00:00","dateModified":"2022-11-19T16:59:52+00:00","description":"Optez pour notre burrito fajitas, du poulet g\u00e9n\u00e9reux, assaison\u00e9 d'herbes, d'\u00e9pices et de guacamole, dans une fine tortilla de bl\u00e9, click & collect La Perla","breadcrumb":{"@id":"https:\/\/www.laperla-paris.com\/en\/product\/burrito-fajitas\/#breadcrumb"},"inLanguage":"en-GB","potentialAction":[{"@type":"ReadAction","target":["https:\/\/www.laperla-paris.com\/en\/product\/burrito-fajitas\/"]}]},{"@type":"BreadcrumbList","@id":"https:\/\/www.laperla-paris.com\/en\/product\/burrito-fajitas\/#breadcrumb","itemListElement":[{"@type":"ListItem","position":1,"name":"Home","item":"https:\/\/www.laperla-paris.com\/en\/"},{"@type":"ListItem","position":2,"name":"Burrito Fajitas au poulet"}]},{"@type":"WebSite","@id":"https:\/\/www.laperla-paris.com\/en\/#website","url":"https:\/\/www.laperla-paris.com\/en\/","name":"La Perla Paris English","description":"bar mexicain Paris restaurant bar \u00e0 cocktails","potentialAction":[{"@type":"SearchAction","target":{"@type":"EntryPoint","urlTemplate":"https:\/\/www.laperla-paris.com\/en\/?s={search_term_string}"},"query-input":"required name=search_term_string"}],"inLanguage":"en-GB"}]}},"_links":{"self":[{"href":"https:\/\/www.laperla-paris.com\/en\/wp-json\/wp\/v2\/product\/4034"}],"collection":[{"href":"https:\/\/www.laperla-paris.com\/en\/wp-json\/wp\/v2\/product"}],"about":[{"href":"https:\/\/www.laperla-paris.com\/en\/wp-json\/wp\/v2\/types\/product"}],"wp:featuredmedia":[{"embeddable":true,"href":"https:\/\/www.laperla-paris.com\/en\/wp-json\/wp\/v2\/media\/4187"}],"wp:attachment":[{"href":"https:\/\/www.laperla-paris.com\/en\/wp-json\/wp\/v2\/media?parent=4034"}],"wp:term":[{"taxonomy":"product_cat","embeddable":true,"href":"https:\/\/www.laperla-paris.com\/en\/wp-json\/wp\/v2\/product_cat?post=4034"},{"taxonomy":"product_tag","embeddable":true,"href":"https:\/\/www.laperla-paris.com\/en\/wp-json\/wp\/v2\/product_tag?post=4034"}],"curies":[{"name":"wp","href":"https:\/\/api.w.org\/{rel}","templated":true}]}}