{"id":4003,"date":"2020-05-11T06:43:49","date_gmt":"2020-05-11T04:43:49","guid":{"rendered":"https:\/\/www.laperla-paris.com\/english\/basket\/"},"modified":"2020-06-08T15:21:21","modified_gmt":"2020-06-08T13:21:21","slug":"panier","status":"publish","type":"page","link":"https:\/\/www.laperla-paris.com\/en\/panier\/","title":{"rendered":"Panier"},"content":{"rendered":"<p style=\"text-align: center;\"><strong>ATTENTION : la vente d&#8217;alcool est r\u00e9glement\u00e9e. Vous devez \u00eatre majeur,\u00a0une carte d\u2019identit\u00e9 valide vous sera demand\u00e9e au moment de la r\u00e9cup\u00e9ration de la boisson)<\/strong><\/p>\r\n<p>&nbsp;<\/p>\r\n\n","protected":false},"excerpt":{"rendered":"<p>ATTENTION : la vente d&#8217;alcool est r\u00e9glement\u00e9e. Vous devez \u00eatre majeur,\u00a0une carte d\u2019identit\u00e9 valide vous sera demand\u00e9e au moment de la r\u00e9cup\u00e9ration de la boisson) &nbsp;<\/p>\n","protected":false},"author":1,"featured_media":0,"parent":0,"menu_order":0,"comment_status":"closed","ping_status":"closed","template":"","meta":{"_mi_skip_tracking":false},"yoast_head":"<!-- This site is optimized with the Yoast SEO plugin v20.3 - https:\/\/yoast.com\/wordpress\/plugins\/seo\/ -->\n<title>Panier - La Perla Paris English<\/title>\n<meta name=\"robots\" content=\"index, follow, max-snippet:-1, max-image-preview:large, max-video-preview:-1\" \/>\n<link rel=\"canonical\" href=\"https:\/\/www.laperla-paris.com\/en\/panier\/\" \/>\n<meta property=\"og:locale\" content=\"en_GB\" \/>\n<meta property=\"og:type\" content=\"article\" \/>\n<meta property=\"og:title\" content=\"Panier - La Perla Paris English\" \/>\n<meta property=\"og:description\" content=\"ATTENTION : la vente d&#8217;alcool est r\u00e9glement\u00e9e. Vous devez \u00eatre majeur,\u00a0une carte d\u2019identit\u00e9 valide vous sera demand\u00e9e au moment de la r\u00e9cup\u00e9ration de la boisson) &nbsp;\" \/>\n<meta property=\"og:url\" content=\"https:\/\/www.laperla-paris.com\/en\/panier\/\" \/>\n<meta property=\"og:site_name\" content=\"La Perla Paris English\" \/>\n<meta property=\"article:modified_time\" content=\"2020-06-08T13:21:21+00:00\" \/>\n<meta name=\"twitter:card\" content=\"summary_large_image\" \/>\n<script type=\"application\/ld+json\" class=\"yoast-schema-graph\">{\"@context\":\"https:\/\/schema.org\",\"@graph\":[{\"@type\":\"WebPage\",\"@id\":\"https:\/\/www.laperla-paris.com\/en\/panier\/\",\"url\":\"https:\/\/www.laperla-paris.com\/en\/panier\/\",\"name\":\"Panier - La Perla Paris English\",\"isPartOf\":{\"@id\":\"https:\/\/www.laperla-paris.com\/en\/#website\"},\"datePublished\":\"2020-05-11T04:43:49+00:00\",\"dateModified\":\"2020-06-08T13:21:21+00:00\",\"breadcrumb\":{\"@id\":\"https:\/\/www.laperla-paris.com\/en\/panier\/#breadcrumb\"},\"inLanguage\":\"en-GB\",\"potentialAction\":[{\"@type\":\"ReadAction\",\"target\":[\"https:\/\/www.laperla-paris.com\/en\/panier\/\"]}]},{\"@type\":\"BreadcrumbList\",\"@id\":\"https:\/\/www.laperla-paris.com\/en\/panier\/#breadcrumb\",\"itemListElement\":[{\"@type\":\"ListItem\",\"position\":1,\"name\":\"Home\",\"item\":\"https:\/\/www.laperla-paris.com\/en\/\"},{\"@type\":\"ListItem\",\"position\":2,\"name\":\"Panier\"}]},{\"@type\":\"WebSite\",\"@id\":\"https:\/\/www.laperla-paris.com\/en\/#website\",\"url\":\"https:\/\/www.laperla-paris.com\/en\/\",\"name\":\"La Perla Paris English\",\"description\":\"bar mexicain Paris restaurant bar \u00e0 cocktails\",\"potentialAction\":[{\"@type\":\"SearchAction\",\"target\":{\"@type\":\"EntryPoint\",\"urlTemplate\":\"https:\/\/www.laperla-paris.com\/en\/?s={search_term_string}\"},\"query-input\":\"required name=search_term_string\"}],\"inLanguage\":\"en-GB\"}]}<\/script>\n<!-- \/ Yoast SEO plugin. -->","yoast_head_json":{"title":"Panier - La Perla Paris English","robots":{"index":"index","follow":"follow","max-snippet":"max-snippet:-1","max-image-preview":"max-image-preview:large","max-video-preview":"max-video-preview:-1"},"canonical":"https:\/\/www.laperla-paris.com\/en\/panier\/","og_locale":"en_GB","og_type":"article","og_title":"Panier - La Perla Paris English","og_description":"ATTENTION : la vente d&#8217;alcool est r\u00e9glement\u00e9e. Vous devez \u00eatre majeur,\u00a0une carte d\u2019identit\u00e9 valide vous sera demand\u00e9e au moment de la r\u00e9cup\u00e9ration de la boisson) &nbsp;","og_url":"https:\/\/www.laperla-paris.com\/en\/panier\/","og_site_name":"La Perla Paris English","article_modified_time":"2020-06-08T13:21:21+00:00","twitter_card":"summary_large_image","schema":{"@context":"https:\/\/schema.org","@graph":[{"@type":"WebPage","@id":"https:\/\/www.laperla-paris.com\/en\/panier\/","url":"https:\/\/www.laperla-paris.com\/en\/panier\/","name":"Panier - La Perla Paris English","isPartOf":{"@id":"https:\/\/www.laperla-paris.com\/en\/#website"},"datePublished":"2020-05-11T04:43:49+00:00","dateModified":"2020-06-08T13:21:21+00:00","breadcrumb":{"@id":"https:\/\/www.laperla-paris.com\/en\/panier\/#breadcrumb"},"inLanguage":"en-GB","potentialAction":[{"@type":"ReadAction","target":["https:\/\/www.laperla-paris.com\/en\/panier\/"]}]},{"@type":"BreadcrumbList","@id":"https:\/\/www.laperla-paris.com\/en\/panier\/#breadcrumb","itemListElement":[{"@type":"ListItem","position":1,"name":"Home","item":"https:\/\/www.laperla-paris.com\/en\/"},{"@type":"ListItem","position":2,"name":"Panier"}]},{"@type":"WebSite","@id":"https:\/\/www.laperla-paris.com\/en\/#website","url":"https:\/\/www.laperla-paris.com\/en\/","name":"La Perla Paris English","description":"bar mexicain Paris restaurant bar \u00e0 cocktails","potentialAction":[{"@type":"SearchAction","target":{"@type":"EntryPoint","urlTemplate":"https:\/\/www.laperla-paris.com\/en\/?s={search_term_string}"},"query-input":"required name=search_term_string"}],"inLanguage":"en-GB"}]}},"_links":{"self":[{"href":"https:\/\/www.laperla-paris.com\/en\/wp-json\/wp\/v2\/pages\/4003"}],"collection":[{"href":"https:\/\/www.laperla-paris.com\/en\/wp-json\/wp\/v2\/pages"}],"about":[{"href":"https:\/\/www.laperla-paris.com\/en\/wp-json\/wp\/v2\/types\/page"}],"author":[{"embeddable":true,"href":"https:\/\/www.laperla-paris.com\/en\/wp-json\/wp\/v2\/users\/1"}],"replies":[{"embeddable":true,"href":"https:\/\/www.laperla-paris.com\/en\/wp-json\/wp\/v2\/comments?post=4003"}],"version-history":[{"count":5,"href":"https:\/\/www.laperla-paris.com\/en\/wp-json\/wp\/v2\/pages\/4003\/revisions"}],"predecessor-version":[{"id":4093,"href":"https:\/\/www.laperla-paris.com\/en\/wp-json\/wp\/v2\/pages\/4003\/revisions\/4093"}],"wp:attachment":[{"href":"https:\/\/www.laperla-paris.com\/en\/wp-json\/wp\/v2\/media?parent=4003"}],"curies":[{"name":"wp","href":"https:\/\/api.w.org\/{rel}","templated":true}]}}