{"id":4002,"date":"2020-05-11T06:43:49","date_gmt":"2020-05-11T04:43:49","guid":{"rendered":"https:\/\/www.laperla-paris.com\/english\/shop\/"},"modified":"2021-06-10T20:13:44","modified_gmt":"2021-06-10T18:13:44","slug":"vente-a-emporter","status":"publish","type":"page","link":"https:\/\/www.laperla-paris.com\/en\/vente-a-emporter\/","title":{"rendered":"Vente \u00e0 emporter"},"content":{"rendered":"<h2><strong>Vente \u00e0 emporter\u00a0: le Mexique nomade\u00a0\u00e0 Paris !<\/strong><\/h2>\n<p style=\"text-align: center;\">\n<h3><strong>Notre carte d\u00e9sormais disponible en click and collect<\/strong><\/h3>\n<p>La carte de notre restaurant mexicain La Perla Bar Paris est d\u00e9sormais disponible en vente \u00e0 emporter ! Notre restauration \u00e0 emporter se fait simple et pratique. Pour un d\u00e9jeuner pratique et malin, un d\u00eener improvis\u00e9, savourez nos plats, nos snacks mexicains, nos desserts savoureux. Produits frais, pr\u00e9par\u00e9s, burritos \u00e0 partir de poulet, de b\u0153uf, des salades, tomates, oignons rouges, haricots rouges, le restaurant se transforme pour vos papilles, sur place ou \u00e0 emporter. Pour passer commande, rien de plus simple : commandez en ligne, r\u00e9glez, puis votre commande vous attend sur place.<\/p>\n<p><a href=\"https:\/\/test.laperla-paris.com\/wp-content\/blogs.dir\/5\/files\/2020\/06\/La-Perla-Bar-Par-Paris-lancement-du-service-click-and-collect.png\" class=\"pretty_image\" data-rel=\"prettyPhoto[4002]\"><img decoding=\"async\" loading=\"lazy\" class=\"size-full wp-image-4163 aligncenter\" src=\"https:\/\/test.laperla-paris.com\/wp-content\/blogs.dir\/5\/files\/2020\/06\/La-Perla-Bar-Par-Paris-lancement-du-service-click-and-collect.png\" alt=\"Lancement de la vente \u00e0 emporter \u00e0 La Perla Bar Paris. Service click and collect\" width=\"360\" height=\"360\" srcset=\"https:\/\/www.laperla-paris.com\/en\/wp-content\/uploads\/2020\/06\/La-Perla-Bar-Par-Paris-lancement-du-service-click-and-collect.png 360w, https:\/\/www.laperla-paris.com\/en\/wp-content\/uploads\/2020\/06\/La-Perla-Bar-Par-Paris-lancement-du-service-click-and-collect-150x150.png 150w, https:\/\/www.laperla-paris.com\/en\/wp-content\/uploads\/2020\/06\/La-Perla-Bar-Par-Paris-lancement-du-service-click-and-collect-300x300.png 300w, https:\/\/www.laperla-paris.com\/en\/wp-content\/uploads\/2020\/06\/La-Perla-Bar-Par-Paris-lancement-du-service-click-and-collect-140x140.png 140w, https:\/\/www.laperla-paris.com\/en\/wp-content\/uploads\/2020\/06\/La-Perla-Bar-Par-Paris-lancement-du-service-click-and-collect-260x260.png 260w, https:\/\/www.laperla-paris.com\/en\/wp-content\/uploads\/2020\/06\/La-Perla-Bar-Par-Paris-lancement-du-service-click-and-collect-100x100.png 100w\" sizes=\"(max-width: 360px) 100vw, 360px\" \/><\/a><\/p>\n<h3><strong>Snacks, plats, desserts et boissons<\/strong><\/h3>\n<p>Ouvert tous les jours, le restaurant propose une carte simple et traditionnelle, du fait maison. Un large choix de sp\u00e9cialit\u00e9s mexicaines, plat du jour et recettes traditionnelles, pour un d\u00e9jeuner, un d\u00eener ou un ap\u00e9ro. Boissons, soft drinks, boissons alcoolis\u00e9es, bi\u00e8res, cocktails, vous pouvez commander tous nos produits de la carte \u00e0 emporter. Burrito, tortilla, quesadillas, tacos, chile con carne, gambas, la cuisine traditionnelle mexicaine \u00e0 la carte disponible tous les jours.<\/p>\n<p>Retrouvez tous les plats signature, tapas, desserts et snacks qui font la renomm\u00e9e de <a href=\"https:\/\/test.laperla-paris.com\/la-perla-a-propos-de-nous\/\">La Perla<\/a>, Bar \u00e0 cocktails \u00e0 Paris, restaurant mexicain \u00e0 ses heures, dans le Marais \u00e0 Paris depuis 1988. Station <a href=\"http:\/\/www.metroparis.paris\/metro-hotel-de-ville.php\">H\u00f4tel de Ville, ligne 1.<\/a><\/p>\n<h2><strong>Vente \u00e0 emporter disponible \u00e0 partir du 19 mai 2021 \u00e0 12h00<\/strong><\/h2>\n<p>Quand il n\u2019est pas possible de d\u00e9guster en terrasse, mais sur place ou \u00e0 emporter, les plats mexicains se d\u00e9placent \u00e0 votre bureau ou chez vous. Vous n\u2019avez qu\u2019\u00e0 passer chercher votre commande, quelques minutes apr\u00e8s avoir g\u00e9r\u00e9 votre commande en ligne.\u00a0<strong>La vente \u00e0 emporter est dor\u00e9navant disponible \u00e0 partir du 19 mai 2021 \u00e0 12h00.\u00a0<\/strong><\/p>\n<p style=\"text-align: center;\"><em>La vente d\u2019alcool est interdite aux mineurs (protection des mineurs.)<\/em><\/p>\n<p style=\"text-align: center;\"><em>L\u2019abus d\u2019alcool est dangereux pour la sant\u00e9, \u00e0 consommer avec mod\u00e9ration.<\/em><\/p>\n","protected":false},"excerpt":{"rendered":"<p>Vente \u00e0 emporter\u00a0: le Mexique nomade\u00a0\u00e0 Paris ! Notre carte d\u00e9sormais disponible en click and collect La carte de notre restaurant mexicain La Perla Bar Paris est d\u00e9sormais disponible en&#8230;<\/p>\n","protected":false},"author":1,"featured_media":0,"parent":0,"menu_order":0,"comment_status":"closed","ping_status":"closed","template":"","meta":{"_mi_skip_tracking":false},"yoast_head":"<!-- This site is optimized with the Yoast SEO plugin v20.3 - https:\/\/yoast.com\/wordpress\/plugins\/seo\/ -->\n<title>Vente \u00e0 emporter de cuisine mexicaine \u25cf La Perla Bar Paris<\/title>\n<meta name=\"description\" content=\"La Perla Bar Paris, vente \u00e0 emporter de plats mexicains, desserts, boissons. Pour un d\u00e9jeuner malin, pratique, notre click and collect est pour vous.\" \/>\n<meta name=\"robots\" content=\"index, follow, max-snippet:-1, max-image-preview:large, max-video-preview:-1\" \/>\n<link rel=\"canonical\" href=\"https:\/\/www.laperla-paris.com\/en\/vente-a-emporter\/\" \/>\n<meta property=\"og:locale\" content=\"en_GB\" \/>\n<meta property=\"og:type\" content=\"article\" \/>\n<meta property=\"og:title\" content=\"Vente \u00e0 emporter de cuisine mexicaine \u25cf La Perla Bar Paris\" \/>\n<meta property=\"og:description\" content=\"La Perla Bar Paris, vente \u00e0 emporter de plats mexicains, desserts, boissons. Pour un d\u00e9jeuner malin, pratique, notre click and collect est pour vous.\" \/>\n<meta property=\"og:url\" content=\"https:\/\/www.laperla-paris.com\/en\/vente-a-emporter\/\" \/>\n<meta property=\"og:site_name\" content=\"La Perla Paris English\" \/>\n<meta property=\"article:modified_time\" content=\"2021-06-10T18:13:44+00:00\" \/>\n<meta property=\"og:image\" content=\"https:\/\/test.laperla-paris.com\/wp-content\/blogs.dir\/5\/files\/2020\/06\/La-Perla-Bar-Par-Paris-lancement-du-service-click-and-collect.png\" \/>\n<meta name=\"twitter:card\" content=\"summary_large_image\" \/>\n<meta name=\"twitter:label1\" content=\"Estimated reading time\" \/>\n\t<meta name=\"twitter:data1\" content=\"2 minutes\" \/>\n<script type=\"application\/ld+json\" class=\"yoast-schema-graph\">{\"@context\":\"https:\/\/schema.org\",\"@graph\":[{\"@type\":\"WebPage\",\"@id\":\"https:\/\/www.laperla-paris.com\/en\/vente-a-emporter\/\",\"url\":\"https:\/\/www.laperla-paris.com\/en\/vente-a-emporter\/\",\"name\":\"Vente \u00e0 emporter de cuisine mexicaine \u25cf La Perla Bar Paris\",\"isPartOf\":{\"@id\":\"https:\/\/www.laperla-paris.com\/en\/#website\"},\"datePublished\":\"2020-05-11T04:43:49+00:00\",\"dateModified\":\"2021-06-10T18:13:44+00:00\",\"description\":\"La Perla Bar Paris, vente \u00e0 emporter de plats mexicains, desserts, boissons. Pour un d\u00e9jeuner malin, pratique, notre click and collect est pour vous.\",\"breadcrumb\":{\"@id\":\"https:\/\/www.laperla-paris.com\/en\/vente-a-emporter\/#breadcrumb\"},\"inLanguage\":\"en-GB\",\"potentialAction\":[{\"@type\":\"ReadAction\",\"target\":[\"https:\/\/www.laperla-paris.com\/en\/vente-a-emporter\/\"]}]},{\"@type\":\"BreadcrumbList\",\"@id\":\"https:\/\/www.laperla-paris.com\/en\/vente-a-emporter\/#breadcrumb\",\"itemListElement\":[{\"@type\":\"ListItem\",\"position\":1,\"name\":\"Home\",\"item\":\"https:\/\/www.laperla-paris.com\/en\/\"},{\"@type\":\"ListItem\",\"position\":2,\"name\":\"Vente \u00e0 emporter\"}]},{\"@type\":\"WebSite\",\"@id\":\"https:\/\/www.laperla-paris.com\/en\/#website\",\"url\":\"https:\/\/www.laperla-paris.com\/en\/\",\"name\":\"La Perla Paris English\",\"description\":\"bar mexicain Paris restaurant bar \u00e0 cocktails\",\"potentialAction\":[{\"@type\":\"SearchAction\",\"target\":{\"@type\":\"EntryPoint\",\"urlTemplate\":\"https:\/\/www.laperla-paris.com\/en\/?s={search_term_string}\"},\"query-input\":\"required name=search_term_string\"}],\"inLanguage\":\"en-GB\"}]}<\/script>\n<!-- \/ Yoast SEO plugin. -->","yoast_head_json":{"title":"Vente \u00e0 emporter de cuisine mexicaine \u25cf La Perla Bar Paris","description":"La Perla Bar Paris, vente \u00e0 emporter de plats mexicains, desserts, boissons. Pour un d\u00e9jeuner malin, pratique, notre click and collect est pour vous.","robots":{"index":"index","follow":"follow","max-snippet":"max-snippet:-1","max-image-preview":"max-image-preview:large","max-video-preview":"max-video-preview:-1"},"canonical":"https:\/\/www.laperla-paris.com\/en\/vente-a-emporter\/","og_locale":"en_GB","og_type":"article","og_title":"Vente \u00e0 emporter de cuisine mexicaine \u25cf La Perla Bar Paris","og_description":"La Perla Bar Paris, vente \u00e0 emporter de plats mexicains, desserts, boissons. Pour un d\u00e9jeuner malin, pratique, notre click and collect est pour vous.","og_url":"https:\/\/www.laperla-paris.com\/en\/vente-a-emporter\/","og_site_name":"La Perla Paris English","article_modified_time":"2021-06-10T18:13:44+00:00","og_image":[{"url":"https:\/\/test.laperla-paris.com\/wp-content\/blogs.dir\/5\/files\/2020\/06\/La-Perla-Bar-Par-Paris-lancement-du-service-click-and-collect.png"}],"twitter_card":"summary_large_image","twitter_misc":{"Estimated reading time":"2 minutes"},"schema":{"@context":"https:\/\/schema.org","@graph":[{"@type":"WebPage","@id":"https:\/\/www.laperla-paris.com\/en\/vente-a-emporter\/","url":"https:\/\/www.laperla-paris.com\/en\/vente-a-emporter\/","name":"Vente \u00e0 emporter de cuisine mexicaine \u25cf La Perla Bar Paris","isPartOf":{"@id":"https:\/\/www.laperla-paris.com\/en\/#website"},"datePublished":"2020-05-11T04:43:49+00:00","dateModified":"2021-06-10T18:13:44+00:00","description":"La Perla Bar Paris, vente \u00e0 emporter de plats mexicains, desserts, boissons. Pour un d\u00e9jeuner malin, pratique, notre click and collect est pour vous.","breadcrumb":{"@id":"https:\/\/www.laperla-paris.com\/en\/vente-a-emporter\/#breadcrumb"},"inLanguage":"en-GB","potentialAction":[{"@type":"ReadAction","target":["https:\/\/www.laperla-paris.com\/en\/vente-a-emporter\/"]}]},{"@type":"BreadcrumbList","@id":"https:\/\/www.laperla-paris.com\/en\/vente-a-emporter\/#breadcrumb","itemListElement":[{"@type":"ListItem","position":1,"name":"Home","item":"https:\/\/www.laperla-paris.com\/en\/"},{"@type":"ListItem","position":2,"name":"Vente \u00e0 emporter"}]},{"@type":"WebSite","@id":"https:\/\/www.laperla-paris.com\/en\/#website","url":"https:\/\/www.laperla-paris.com\/en\/","name":"La Perla Paris English","description":"bar mexicain Paris restaurant bar \u00e0 cocktails","potentialAction":[{"@type":"SearchAction","target":{"@type":"EntryPoint","urlTemplate":"https:\/\/www.laperla-paris.com\/en\/?s={search_term_string}"},"query-input":"required name=search_term_string"}],"inLanguage":"en-GB"}]}},"_links":{"self":[{"href":"https:\/\/www.laperla-paris.com\/en\/wp-json\/wp\/v2\/pages\/4002"}],"collection":[{"href":"https:\/\/www.laperla-paris.com\/en\/wp-json\/wp\/v2\/pages"}],"about":[{"href":"https:\/\/www.laperla-paris.com\/en\/wp-json\/wp\/v2\/types\/page"}],"author":[{"embeddable":true,"href":"https:\/\/www.laperla-paris.com\/en\/wp-json\/wp\/v2\/users\/1"}],"replies":[{"embeddable":true,"href":"https:\/\/www.laperla-paris.com\/en\/wp-json\/wp\/v2\/comments?post=4002"}],"version-history":[{"count":16,"href":"https:\/\/www.laperla-paris.com\/en\/wp-json\/wp\/v2\/pages\/4002\/revisions"}],"predecessor-version":[{"id":4265,"href":"https:\/\/www.laperla-paris.com\/en\/wp-json\/wp\/v2\/pages\/4002\/revisions\/4265"}],"wp:attachment":[{"href":"https:\/\/www.laperla-paris.com\/en\/wp-json\/wp\/v2\/media?parent=4002"}],"curies":[{"name":"wp","href":"https:\/\/api.w.org\/{rel}","templated":true}]}}